{"id":55,"date":"2018-11-26T13:10:27","date_gmt":"2018-11-26T12:10:27","guid":{"rendered":"http:\/\/www.naturaltouch.fr\/WPDJC\/?page_id=55"},"modified":"2019-10-23T15:05:37","modified_gmt":"2019-10-23T13:05:37","slug":"autres-metiers","status":"publish","type":"page","link":"https:\/\/www.dialoca-job-control.com\/index.php\/autres-metiers\/","title":{"rendered":"Autres m\u00e9tiers"},"content":{"rendered":"<\/div><\/div><\/div><!-- close content main div --><\/div><\/div><div id='entete' class='avia-section main_color avia-section-small avia-no-shadow avia-bg-style-scroll   container_wrap fullsize' style = 'background-color: #121439; '  ><div class='container' ><div class='template-page content  av-content-full alpha units'><div class='post-entry post-entry-type-page post-entry-55'><div class='entry-content-wrapper clearfix'>\n<div style='padding-bottom:10px;color:#ffffff;' class='av-special-heading av-special-heading-h2 custom-color-heading blockquote modern-quote modern-centered  '><h2 class='av-special-heading-tag '  itemprop=\"headline\"  >Autres m\u00e9tiers<\/h2><div class='special-heading-border'><div class='special-heading-inner-border' style='border-color:#ffffff'><\/div><\/div><\/div>\n\n<div class=\"flex_column av_two_third  flex_column_div av-zero-column-padding first  \" style='border-radius:0px; '><section class=\"av_textblock_section \"  itemscope=\"itemscope\" itemtype=\"https:\/\/schema.org\/CreativeWork\" ><div class='avia_textblock  '   itemprop=\"text\" ><p>Une entreprise de service telle que la n\u00f4tre poss\u00e8de un atout-phare, celui de ma\u00eetriser totalement notre technologie afin de prendre en charge vos besoins.<\/p>\n<p>Nos services ont pour but de vous faciliter la t\u00e2che dans la collection du temps de travail, mais aussi, dans la relation avec vos collaborateurs.<\/p>\n<p>Le pointage n&rsquo;a plus de connotation n\u00e9gative, mais sert avant tout \u00e0 la gestion des temps de travail, des absences, de la productivit\u00e9 et de la s\u00e9curit\u00e9 des travailleurs les pus isol\u00e9s.<\/p>\n<p>Notre objectif est de vous simplifi\u00e9 cette relation au travers de services automatis\u00e9s, d&rsquo;outils de communication adapt\u00e9s \u00e0 aux diff\u00e9rents besoins et de processus permettant de vous alerter uniquement en cas de probl\u00e8mes.<\/p>\n<\/div><\/section><\/div><div class=\"flex_column av_one_third  flex_column_div av-zero-column-padding   \" style='border-radius:0px; '><div class='avia-image-container  av-styling-    avia-align-center '  itemscope=\"itemscope\" itemtype=\"https:\/\/schema.org\/ImageObject\"  ><div class='avia-image-container-inner'><img class='avia_image ' src='https:\/\/www.dialoca-job-control.com\/wp-content\/uploads\/2018\/12\/Fotolia_71499923_XS-300x174.jpg' alt='' title='Communication'   itemprop=\"thumbnailUrl\"  \/><\/div><\/div><\/div><\/p>\n<div  class='hr hr-default  '><span class='hr-inner ' ><span class='hr-inner-style'><\/span><\/span><\/div>\n<div class=\"flex_column av_one_full  flex_column_div av-zero-column-padding first  \" style='border-radius:0px; '><section class=\"av_textblock_section \"  itemscope=\"itemscope\" itemtype=\"https:\/\/schema.org\/CreativeWork\" ><div class='avia_textblock  '   itemprop=\"text\" ><h3>La prise de poste des itin\u00e9rants<\/h3>\n<p>L&rsquo;intervenant qui op\u00e8re chez le client va utiliser le poste fixe pour signaler son arriv\u00e9e sur poste. Notre technologie lui donne la possibilit\u00e9 de s&rsquo;identifier avec le n\u00b0 du client et son propre identifiant. Notre application sur smartphone est encore plus autonome et \u00e9vite l&rsquo;utilisation d&rsquo;une ligne fixe parfois inexistante ou peu disponible. G\u00e9olocalisation, QTRCODE valide le pointage.<\/p>\n<h3>Les terminaux DATI et PTI re\u00e7oivent les donn\u00e9es d&rsquo;entr\u00e9e et de fin de poste<\/h3>\n<p>Dialoca Job Control est un outil de pointage de prise et de fin de poste mais \u00e9galement une solution de s\u00e9curit\u00e9 des agents autonomes. Les fonctions cl\u00e9s sont la g\u00e9olocalisation, le dialogue automatique et l&rsquo;alerte en cas de chutes. Nos outils sont particuli\u00e8rement adapt\u00e9s aux agents qui effectuent des rondes et se doivent de les assurer de mani\u00e8re temporelle par badgeage. En effet, la plupart des surveillances sur sites sont programm\u00e9es avec des fourchettes de temps tr\u00e8s strictes. Ces travailleurs pr\u00e9sents sur sites dangereux, parfois de nuit sont rassur\u00e9s de se savoir en contact avec votre entreprise par des moyens fiables.<\/p>\n<h3>Le pointage sur chantier par la technologie RFID<\/h3>\n<p>Savoir qui est pr\u00e9sent sur un chantier \u00e9loign\u00e9 s&rsquo;effectue par la badgeuse RFID \u00e0 batterie autonome. Vos collaborateurs pr\u00e9sentent leur Tag RFID devant le lecteur. Ce dernier conna\u00eet la personne, identifie son badgeage et remonte l&rsquo;information au serveur \u00e0 l&rsquo;instant T. Quelle que soit la solution \u00e0 trouver, nous vous fournirons les mat\u00e9riels utiles au contr\u00f4le des pr\u00e9sences de vos collaborateurs et nous assurerons leur s\u00e9curit\u00e9 pour que vous puissiez vous concentrer sur l&rsquo;essentiel : votre mission.<\/p>\n<\/div><\/section><\/div>\n","protected":false},"excerpt":{"rendered":"","protected":false},"author":1,"featured_media":0,"parent":0,"menu_order":0,"comment_status":"closed","ping_status":"closed","template":"","meta":[],"_links":{"self":[{"href":"https:\/\/www.dialoca-job-control.com\/index.php\/wp-json\/wp\/v2\/pages\/55"}],"collection":[{"href":"https:\/\/www.dialoca-job-control.com\/index.php\/wp-json\/wp\/v2\/pages"}],"about":[{"href":"https:\/\/www.dialoca-job-control.com\/index.php\/wp-json\/wp\/v2\/types\/page"}],"author":[{"embeddable":true,"href":"https:\/\/www.dialoca-job-control.com\/index.php\/wp-json\/wp\/v2\/users\/1"}],"replies":[{"embeddable":true,"href":"https:\/\/www.dialoca-job-control.com\/index.php\/wp-json\/wp\/v2\/comments?post=55"}],"version-history":[{"count":9,"href":"https:\/\/www.dialoca-job-control.com\/index.php\/wp-json\/wp\/v2\/pages\/55\/revisions"}],"predecessor-version":[{"id":334,"href":"https:\/\/www.dialoca-job-control.com\/index.php\/wp-json\/wp\/v2\/pages\/55\/revisions\/334"}],"wp:attachment":[{"href":"https:\/\/www.dialoca-job-control.com\/index.php\/wp-json\/wp\/v2\/media?parent=55"}],"curies":[{"name":"wp","href":"https:\/\/api.w.org\/{rel}","templated":true}]}}