{"id":53,"date":"2018-11-26T13:10:03","date_gmt":"2018-11-26T12:10:03","guid":{"rendered":"http:\/\/www.naturaltouch.fr\/WPDJC\/?page_id=53"},"modified":"2019-10-23T14:56:39","modified_gmt":"2019-10-23T12:56:39","slug":"batiment","status":"publish","type":"page","link":"https:\/\/www.dialoca-job-control.com\/index.php\/batiment\/","title":{"rendered":"B\u00e2timent"},"content":{"rendered":"<\/div><\/div><\/div><!-- close content main div --><\/div><\/div><div id='entete' class='avia-section main_color avia-section-small avia-no-shadow avia-bg-style-scroll   container_wrap fullsize' style = 'background-color: #121439; '  ><div class='container' ><div class='template-page content  av-content-full alpha units'><div class='post-entry post-entry-type-page post-entry-53'><div class='entry-content-wrapper clearfix'>\n<div style='padding-bottom:10px;color:#ffffff;' class='av-special-heading av-special-heading-h2 custom-color-heading blockquote modern-quote modern-centered  '><h2 class='av-special-heading-tag '  itemprop=\"headline\"  >B\u00e2timent<\/h2><div class='special-heading-border'><div class='special-heading-inner-border' style='border-color:#ffffff'><\/div><\/div><\/div>\n\n<\/div><\/div><\/div><!-- close content main div --><\/div><\/div><div id='av_section_2' class='avia-section main_color avia-section-default avia-shadow avia-bg-style-scroll   container_wrap fullsize' style = 'background-color: #f9f9f9; '  ><div class='container' ><div class='template-page content  av-content-full alpha units'><div class='post-entry post-entry-type-page post-entry-53'><div class='entry-content-wrapper clearfix'>\n<div class=\"flex_column av_two_third  flex_column_div av-zero-column-padding first  \" style='border-radius:0px; '><section class=\"av_textblock_section \"  itemscope=\"itemscope\" itemtype=\"https:\/\/schema.org\/CreativeWork\" ><div class='avia_textblock  '   itemprop=\"text\" ><p class=\"western\">Le secteur du b\u00e2timent, tous comme les autres secteurs d\u2019activit\u00e9 s\u2019organise autour des nouvelles technologies qui permettent une optimisation des processus pour une r\u00e9elle augmentation de la valeur ajout\u00e9e des diff\u00e9rents intervenants.<\/p>\n<p class=\"western\"><strong>Dialoca Job Control<\/strong> s\u2019installe aussi dans ces processus et fourni de vrais <strong>outils pour la remont\u00e9e des donn\u00e9es sociales<\/strong>, la communication et la garantie du respect de la planification chantier.<\/p>\n<\/div><\/section><\/div><div class=\"flex_column av_one_third  flex_column_div av-zero-column-padding   \" style='border-radius:0px; '><div class='avia-image-container  av-styling-    avia-align-center '  itemscope=\"itemscope\" itemtype=\"https:\/\/schema.org\/ImageObject\"  ><div class='avia-image-container-inner'><img class='avia_image ' src='https:\/\/www.dialoca-job-control.com\/wp-content\/uploads\/2019\/03\/Batiment_Technologie-300x140.jpeg' alt='' title='business  the structural steel structure'   itemprop=\"thumbnailUrl\"  \/><\/div><\/div><\/div>\n\n<\/div><\/div><\/div><!-- close content main div --><\/div><\/div><div id='av_section_3' class='avia-section main_color avia-section-default avia-shadow avia-bg-style-scroll   container_wrap fullsize'   ><div class='container' ><div class='template-page content  av-content-full alpha units'><div class='post-entry post-entry-type-page post-entry-53'><div class='entry-content-wrapper clearfix'>\n<div class=\"flex_column av_one_third  flex_column_div av-zero-column-padding first  \" style='border-radius:0px; '><div class='avia-image-container  av-styling-    avia-align-center '  itemscope=\"itemscope\" itemtype=\"https:\/\/schema.org\/ImageObject\"  ><div class='avia-image-container-inner'><img class='avia_image ' src='https:\/\/www.dialoca-job-control.com\/wp-content\/uploads\/2019\/03\/Batiment_Relation_RH-300x200.jpeg' alt='' title='Engineer at a construction site in the port'   itemprop=\"thumbnailUrl\"  \/><\/div><\/div><\/div><div class=\"flex_column av_two_third  flex_column_div av-zero-column-padding   \" style='border-radius:0px; '><section class=\"av_textblock_section \"  itemscope=\"itemscope\" itemtype=\"https:\/\/schema.org\/CreativeWork\" ><div class='avia_textblock  '   itemprop=\"text\" ><h2 class=\"western\"><b>Une vraie simplification dans la relation RH<\/b><\/h2>\n<hr \/>\n<p class=\"western\">Termin\u00e9 la collection des heures par de vulgaire feuilles de papier qui peuvent, dans un environnement chantier, \u00eatre souill\u00e9es, perdues ou encore falsifi\u00e9e.<br \/>\n<strong>Dialoca Job Control automatise la collecte des pointages<\/strong> pour les restituer le plus simplement. <strong>Ces donn\u00e9es peuvent \u00eatre remont\u00e9es de mani\u00e8re automatique par l\u2019envoi de fichiers tableurs<\/strong>, int\u00e9grant les donn\u00e9es relatives \u00e0 chaque intervenant avec une synth\u00e8se de leur travail effectu\u00e9 sur la p\u00e9riode choisie. Vous n\u2019avez plus \u00e0 perdre votre temps pour la collection des heures, pour leur saisie dans votre outil de paie.<br \/>\nVotre processus devient fiable, s\u00e9curis\u00e9 et optimum\u00a0!<\/p>\n<\/div><\/section><\/div><div class='avia-button-wrap avia-button-center '><a href='https:\/\/www.dialoca-job-control.com\/index.php\/contact\/' class='avia-button   avia-icon_select-no avia-color-custom avia-size-small avia-position-center '  style='background-color:#d00729; border-color:#d00729; color:#ffffff; ' ><span class='avia_iconbox_title' >Contactez-nous!<\/span><\/a><\/div>\n<\/div><\/div><\/div><!-- close content main div --><\/div><\/div><div id='av_section_4' class='avia-section main_color avia-section-default avia-no-border-styling avia-bg-style-scroll   container_wrap fullsize' style = 'background-color: #f9f9f9; '  ><div class='container' ><div class='template-page content  av-content-full alpha units'><div class='post-entry post-entry-type-page post-entry-53'><div class='entry-content-wrapper clearfix'>\n<div class=\"flex_column av_two_third  flex_column_div av-zero-column-padding first  \" style='border-radius:0px; '><section class=\"av_textblock_section \"  itemscope=\"itemscope\" itemtype=\"https:\/\/schema.org\/CreativeWork\" ><div class='avia_textblock  '   itemprop=\"text\" ><h2 class=\"western\"><b>Des badgeuses sp\u00e9cifiques, adapt\u00e9es aux activit\u00e9s dans le b\u00e2timent<\/b><\/h2>\n<hr \/>\n<p class=\"western\">Dans le cadre d\u2019environnements difficiles, tout particuli\u00e8rement dans le b\u00e2timent, <strong>Dialoca Job Control vous propose de nombreuses solutions<\/strong> particuli\u00e8rement adapt\u00e9es \u00e0 vos besoins. Une badgeuse de chantier avec une batterie autonome est notamment disponible. Nous vous proposons diff\u00e9rentes badgeuses, \u00e9labor\u00e9es pour \u00eatre adapt\u00e9es \u00e0 de nombreux environnements de travail. Quelle que soit la situation o\u00f9 \u00e9volue votre agent, il pourra badger sans aucune difficult\u00e9.<br \/>\nNous mettons aussi \u00e0 votre disposition, par exemple, <strong>un syst\u00e8me de badgeuse int\u00e9gr\u00e9 \u00e0 un v\u00e9hicule<\/strong> qui devient une badgeuse s\u00e9curis\u00e9e autorisant le pointage des ouvriers au travers de la vitre du v\u00e9hicule. Les fonctions de g\u00e9olocalisation de cette badgeuse en font une <strong>badgeuse mobile<\/strong> qui pourra \u00eatre utilis\u00e9 sur plusieurs sites diff\u00e9rents associant les pointages au site correspondant \u00e0 la g\u00e9olocalisation du v\u00e9hicule.<\/p>\n<p class=\"western\">Nous vous proposons diff\u00e9rentes solutions, et pour mieux r\u00e9pondre \u00e0 vos besoins sp\u00e9cifiques. N\u2019h\u00e9sitez pas \u00e0 nous contacter via notre formulaire de contact ou directement par t\u00e9l\u00e9phone. Nous r\u00e9fl\u00e9chirons ensemble aux solutions les plus adapt\u00e9es \u00e0 vos besoins et aux contraintes d\u00e9finies par la configuration de vos diff\u00e9rents sites.<\/p>\n<\/div><\/section><\/div><div class=\"flex_column av_one_third  flex_column_div av-zero-column-padding   \" style='border-radius:0px; '><div class='avia-image-container  av-styling-    avia-align-center '  itemscope=\"itemscope\" itemtype=\"https:\/\/schema.org\/ImageObject\"  ><div class='avia-image-container-inner'><img class='avia_image ' src='https:\/\/www.dialoca-job-control.com\/wp-content\/uploads\/2019\/03\/badgeuse_specifique-300x200.jpeg' alt='' title='Engineer builder at construction site'   itemprop=\"thumbnailUrl\"  \/><\/div><\/div><\/div>\n<\/p>\n<\/div><\/div><\/div><!-- close content main div --><\/div><\/div><div id='av_section_5' class='avia-section main_color avia-section-default avia-shadow avia-bg-style-scroll   container_wrap fullsize'   ><div class='container' ><div class='template-page content  av-content-full alpha units'><div class='post-entry post-entry-type-page post-entry-53'><div class='entry-content-wrapper clearfix'>\n<div class=\"flex_column av_one_third  flex_column_div av-zero-column-padding first  \" style='border-radius:0px; '><div class='avia-image-container  av-styling-    avia-align-center '  itemscope=\"itemscope\" itemtype=\"https:\/\/schema.org\/ImageObject\"  ><div class='avia-image-container-inner'><img class='avia_image ' src='https:\/\/www.dialoca-job-control.com\/wp-content\/uploads\/2019\/03\/batimet_tache_surveillance-200x300.jpeg' alt='' title='Entrepreneur on construction site using smartphone'   itemprop=\"thumbnailUrl\"  \/><\/div><\/div><\/div><div class=\"flex_column av_two_third  flex_column_div av-zero-column-padding   \" style='border-radius:0px; '><section class=\"av_textblock_section \"  itemscope=\"itemscope\" itemtype=\"https:\/\/schema.org\/CreativeWork\" ><div class='avia_textblock  '   itemprop=\"text\" ><h2 class=\"western\"><b>Les taches critiques sous surveillance<\/b><\/h2>\n<hr \/>\n<p class=\"western\">Un chef de chantier qui n\u2019est pas \u00e0 l\u2019heure pour l\u2019ouverture des baraquements et pour le d\u00e9marrage des op\u00e9rations peut avoir des cons\u00e9quences catastrophiques, tant sur le plan financier, que sur le plan de la confiance accord\u00e9e par votre client. <strong>Il est donc indispensable que certaines t\u00e2ches soient sous surveillance<\/strong> et que toute d\u00e9faillance soit signal\u00e9e en temps r\u00e9el pour que les dispositions correspondantes puissent \u00eatre prises.<br \/>\n<strong>Dialoca Job Control<\/strong> vous donne la possibilit\u00e9 de <strong>planifier des t\u00e2ches et de vous alerter<\/strong>, en temps r\u00e9el, dans le cas ou le pointage n\u2019est pas effectuer dans les d\u00e9lais autoris\u00e9s. Vous avez donc la possibilit\u00e9, en cas de retard ou d\u2019absence d\u2019un de vos collaborateurs, <strong>d\u2019anticiper et de garantir le d\u00e9marrage des op\u00e9rations<\/strong> pour le respect de vos engagements.<\/p>\n<\/div><\/section><\/div><div class='avia-button-wrap avia-button-center '><a href='https:\/\/www.dialoca-job-control.com\/index.php\/contact\/' class='avia-button   avia-icon_select-no avia-color-custom avia-size-small avia-position-center '  style='background-color:#d00729; border-color:#d00729; color:#ffffff; ' ><span class='avia_iconbox_title' >Contactez-nous!<\/span><\/a><\/div>\n<\/div><\/div><\/div><!-- close content main div --><\/div><\/div><div id='av_section_6' class='avia-section main_color avia-section-default avia-no-border-styling avia-bg-style-scroll   container_wrap fullsize' style = 'background-color: #f9f9f9; '  ><div class='container' ><div class='template-page content  av-content-full alpha units'><div class='post-entry post-entry-type-page post-entry-53'><div class='entry-content-wrapper clearfix'>\n<div class=\"flex_column av_two_third  flex_column_div av-zero-column-padding first  \" style='border-radius:0px; '><section class=\"av_textblock_section \"  itemscope=\"itemscope\" itemtype=\"https:\/\/schema.org\/CreativeWork\" ><div class='avia_textblock  '   itemprop=\"text\" ><h2 class=\"western\"><b>Une communication au moment opportun, pour plus d\u2019efficacit\u00e9.<\/b><\/h2>\n<hr \/>\n<p class=\"western\">Encore une fois, la qualit\u00e9 de vos r\u00e9alisations et le respect des engagements sont directement conditionn\u00e9s par la communication entre les diff\u00e9rents intervenants du chantier. <strong>Dialoca Job<\/strong> control int\u00e8gre une notion de communication qui vous permet de communiquer avec vos diff\u00e9rents intervenants, au <strong>moment de leur prise de service ou fin de service<\/strong>.<br \/>\nVos intervenants se voient diffuser l\u2019information au moment ou ils d\u00e9marrent leur travail, leur attention est bien plus mobilis\u00e9e sur les activit\u00e9s relatives aux travaux qu\u2019ils doivent ex\u00e9cuter que d\u2019autre sujets bien plus personnels.<\/p>\n<\/div><\/section><\/div><div class=\"flex_column av_one_third  flex_column_div av-zero-column-padding   \" style='border-radius:0px; '><div class='avia-image-container  av-styling-    avia-align-center '  itemscope=\"itemscope\" itemtype=\"https:\/\/schema.org\/ImageObject\"  ><div class='avia-image-container-inner'><img class='avia_image ' src='https:\/\/www.dialoca-job-control.com\/wp-content\/uploads\/2019\/03\/batiment_communication-300x200.jpeg' alt='' title='Back View Engineers on Site'   itemprop=\"thumbnailUrl\"  \/><\/div><\/div><\/div>\n<\/p>\n<div  class='hr hr-default  '><span class='hr-inner ' ><span class='hr-inner-style'><\/span><\/span><\/div>\n","protected":false},"excerpt":{"rendered":"","protected":false},"author":1,"featured_media":0,"parent":0,"menu_order":0,"comment_status":"closed","ping_status":"closed","template":"","meta":[],"_links":{"self":[{"href":"https:\/\/www.dialoca-job-control.com\/index.php\/wp-json\/wp\/v2\/pages\/53"}],"collection":[{"href":"https:\/\/www.dialoca-job-control.com\/index.php\/wp-json\/wp\/v2\/pages"}],"about":[{"href":"https:\/\/www.dialoca-job-control.com\/index.php\/wp-json\/wp\/v2\/types\/page"}],"author":[{"embeddable":true,"href":"https:\/\/www.dialoca-job-control.com\/index.php\/wp-json\/wp\/v2\/users\/1"}],"replies":[{"embeddable":true,"href":"https:\/\/www.dialoca-job-control.com\/index.php\/wp-json\/wp\/v2\/comments?post=53"}],"version-history":[{"count":20,"href":"https:\/\/www.dialoca-job-control.com\/index.php\/wp-json\/wp\/v2\/pages\/53\/revisions"}],"predecessor-version":[{"id":649,"href":"https:\/\/www.dialoca-job-control.com\/index.php\/wp-json\/wp\/v2\/pages\/53\/revisions\/649"}],"wp:attachment":[{"href":"https:\/\/www.dialoca-job-control.com\/index.php\/wp-json\/wp\/v2\/media?parent=53"}],"curies":[{"name":"wp","href":"https:\/\/api.w.org\/{rel}","templated":true}]}}