{"id":47,"date":"2018-11-26T13:08:33","date_gmt":"2018-11-26T12:08:33","guid":{"rendered":"http:\/\/www.naturaltouch.fr\/WPDJC\/?page_id=47"},"modified":"2019-10-23T14:41:51","modified_gmt":"2019-10-23T12:41:51","slug":"securite","status":"publish","type":"page","link":"https:\/\/www.dialoca-job-control.com\/index.php\/securite\/","title":{"rendered":"S\u00e9curit\u00e9"},"content":{"rendered":"<\/div><\/div><\/div><!-- close content main div --><\/div><\/div><div id='entete' class='avia-section main_color avia-section-small avia-no-shadow avia-bg-style-scroll   container_wrap fullsize' style = 'background-color: #121439; '  ><div class='container' ><div class='template-page content  av-content-full alpha units'><div class='post-entry post-entry-type-page post-entry-47'><div class='entry-content-wrapper clearfix'>\n<div style='padding-bottom:10px;color:#ffffff;' class='av-special-heading av-special-heading-h2 custom-color-heading blockquote modern-quote modern-centered  '><h2 class='av-special-heading-tag '  itemprop=\"headline\"  >S\u00e9curit\u00e9<\/h2><div class='special-heading-border'><div class='special-heading-inner-border' style='border-color:#ffffff'><\/div><\/div><\/div>\n\n<\/div><\/div><\/div><!-- close content main div --><\/div><\/div><div id='av_section_2' class='avia-section main_color avia-section-default avia-shadow avia-bg-style-scroll   container_wrap fullsize' style = 'background-color: #f4f4f4; '  ><div class='container' ><div class='template-page content  av-content-full alpha units'><div class='post-entry post-entry-type-page post-entry-47'><div class='entry-content-wrapper clearfix'>\n<div class=\"flex_column av_two_third  flex_column_div av-zero-column-padding first  \" style='border-radius:0px; '><section class=\"av_textblock_section \"  itemscope=\"itemscope\" itemtype=\"https:\/\/schema.org\/CreativeWork\" ><div class='avia_textblock  '   itemprop=\"text\" ><p class=\"western\"><strong>Dialoca Job Control<\/strong> est la solution id\u00e9ale pour toute votre gestion des pr\u00e9sences, des pointages, de la collection des heures de travail effectives et du suivi de l\u2019activit\u00e9 de vos agents.<\/p>\n<p class=\"western\">En couplage avec votre syst\u00e8me d\u2019information, qu\u2019il soit complexe ou simple, Dialoca Job Control permet une<strong> int\u00e9gration automatique des donn\u00e9es collect\u00e9es \u00e0 vos outils de gestion<\/strong>, de facturation et de paies, et ce, en toute s\u00e9curit\u00e9 et en conformit\u00e9 avec la r\u00e8glementation sur la protection des donn\u00e9es.<\/p>\n<\/div><\/section><\/div><div class=\"flex_column av_one_third  flex_column_div av-zero-column-padding   \" style='border-radius:0px; '><div class='avia-image-container  av-styling-    avia-align-center '  itemscope=\"itemscope\" itemtype=\"https:\/\/schema.org\/ImageObject\"  ><div class='avia-image-container-inner'><img class='avia_image ' src='https:\/\/www.dialoca-job-control.com\/wp-content\/uploads\/2018\/12\/Fotolia_52367572_XS-300x194.jpg' alt='' title='sicurezza'   itemprop=\"thumbnailUrl\"  \/><\/div><\/div><\/div>\n\n<\/div><\/div><\/div><!-- close content main div --><\/div><\/div><div id='av_section_3' class='avia-section main_color avia-section-default avia-no-shadow avia-bg-style-scroll   container_wrap fullsize'   ><div class='container' ><div class='template-page content  av-content-full alpha units'><div class='post-entry post-entry-type-page post-entry-47'><div class='entry-content-wrapper clearfix'>\n<div class=\"flex_column av_one_third  flex_column_div av-zero-column-padding first  \" style='border-radius:0px; '><div class='avia-image-container  av-styling-    avia-align- '  itemscope=\"itemscope\" itemtype=\"https:\/\/schema.org\/ImageObject\"  ><div class='avia-image-container-inner'><img class='avia_image ' src='https:\/\/www.dialoca-job-control.com\/wp-content\/uploads\/2019\/02\/500_F_85774162_58fuKAWNU0o02GeViX8g2mMpeq0tgHbc.jpg' alt='' title='500_F_85774162_58fuKAWNU0o02GeViX8g2mMpeq0tgHbc'   itemprop=\"thumbnailUrl\"  \/><\/div><\/div><\/div><div class=\"flex_column av_two_third  flex_column_div av-zero-column-padding   \" style='border-radius:0px; '><section class=\"av_textblock_section \"  itemscope=\"itemscope\" itemtype=\"https:\/\/schema.org\/CreativeWork\" ><div class='avia_textblock  '   itemprop=\"text\" ><h2 class=\"western\"><b>Des solutions de pointage <\/b><\/h2>\n<h2 class=\"western\"><b>adapt\u00e9es \u00e0 vos besoins<\/b><\/h2>\n<hr \/>\n<p class=\"western\"><strong>Dialoca Job Control<\/strong> vous propose plusieurs outils et canaux pour traiter automatiquement les prises et fin de services de vos agents.<\/p>\n<p class=\"western\">En fonction de votre activit\u00e9, de vos clients, ou encore des caract\u00e9ristiques des sites de vos client, la <strong>prise en compte automatique des pointages<\/strong> peut \u00eatre effectu\u00e9e via smartphone, t\u00e9l\u00e9phone fixe, QRCODE, NFC ou RFID. Nous sommes l\u00e0 pour vous conseiller dans la mise en \u0153uvre de LA MEILLEURE SOLUTION, celle qui est la mieux adapt\u00e9e aux besoins et \u00e0 aux contraintes de vos sites clients. Ensemble, nous pourrons d\u00e9finir les meilleures strat\u00e9gies \u00e0 mettre en place pour chacun de vos clients, et ainsi faciliter la<strong> supervision globale de l\u2019activit\u00e9 de votre entreprise au quotidien<\/strong>.<\/p>\n<\/div><\/section><\/div><div class='avia-button-wrap avia-button-center '><a href='https:\/\/www.dialoca-job-control.com\/index.php\/contact\/' class='avia-button   avia-icon_select-no avia-color-custom avia-size-small avia-position-center '  style='background-color:#d00729; border-color:#d00729; color:#ffffff; ' ><span class='avia_iconbox_title' >Contactez-nous!<\/span><\/a><\/div>\n<\/div><\/div><\/div><!-- close content main div --><\/div><\/div><div id='av_section_4' class='avia-section main_color avia-section-default avia-no-border-styling avia-bg-style-scroll   container_wrap fullsize' style = 'background-color: #f9f9f9; '  ><div class='container' ><div class='template-page content  av-content-full alpha units'><div class='post-entry post-entry-type-page post-entry-47'><div class='entry-content-wrapper clearfix'>\n<div class=\"flex_column av_two_third  flex_column_div av-zero-column-padding first  \" style='border-radius:0px; '><section class=\"av_textblock_section \"  itemscope=\"itemscope\" itemtype=\"https:\/\/schema.org\/CreativeWork\" ><div class='avia_textblock  '   itemprop=\"text\" ><h2 class=\"western\"><b>Gestion des retards et absence <\/b><\/h2>\n<h2 class=\"western\"><b>en temps r\u00e9el<\/b><\/h2>\n<hr \/>\n<p class=\"western\">Nos solutions vont au-del\u00e0 de la simple gestion automatique des pr\u00e9sences. Elles vous permettent d\u2019avoir une <strong>vue claire et simplifi\u00e9e de votre activit\u00e9 en temps r\u00e9el<\/strong>. En cas de retard ou d\u2019absence, vous \u00eates instantan\u00e9ment et automatiquement averti. Vous n\u2019\u00eates sollicit\u00e9 que dans ces cas, il n\u2019y a pas d\u2019avertissement inutile ou superflu.<\/p>\n<\/div><\/section><\/div><div class=\"flex_column av_one_third  flex_column_div av-zero-column-padding   \" style='border-radius:0px; '><div class='avia-image-container avia_animated_image avia_animate_when_almost_visible fade-in av-styling-no-styling av-hover-grow   avia-align-center '  itemscope=\"itemscope\" itemtype=\"https:\/\/schema.org\/ImageObject\"  ><div class='avia-image-container-inner'><img class='avia_image ' src='https:\/\/www.dialoca-job-control.com\/wp-content\/uploads\/2019\/02\/clock-407101_1920-1030x687.jpg' alt='' title='clock-407101_1920'   itemprop=\"thumbnailUrl\"  \/><\/div><\/div><\/div>\n<\/p>\n<\/div><\/div><\/div><!-- close content main div --><\/div><\/div><div id='av_section_5' class='avia-section main_color avia-section-default avia-no-shadow avia-bg-style-scroll   container_wrap fullsize'   ><div class='container' ><div class='template-page content  av-content-full alpha units'><div class='post-entry post-entry-type-page post-entry-47'><div class='entry-content-wrapper clearfix'>\n<div class=\"flex_column av_one_third  flex_column_div av-zero-column-padding first  \" style='border-radius:0px; '><div class='avia-image-container  av-styling-    avia-align- '  itemscope=\"itemscope\" itemtype=\"https:\/\/schema.org\/ImageObject\"  ><div class='avia-image-container-inner'><img class='avia_image ' src='https:\/\/www.dialoca-job-control.com\/wp-content\/uploads\/2019\/02\/252-1030x687.jpg' alt='' title='Business woman&#039;s hands typing on laptop keyboard'   itemprop=\"thumbnailUrl\"  \/><\/div><\/div><\/div><div class=\"flex_column av_two_third  flex_column_div av-zero-column-padding   \" style='border-radius:0px; '><section class=\"av_textblock_section \"  itemscope=\"itemscope\" itemtype=\"https:\/\/schema.org\/CreativeWork\" ><div class='avia_textblock  '   itemprop=\"text\" ><h2 class=\"western\"><b>Gestion des pr\u00e9sences int\u00e9gr\u00e9e <\/b><\/h2>\n<h2 class=\"western\"><b>au service de paie<\/b><\/h2>\n<hr \/>\n<p class=\"western\">Les donn\u00e9es de pr\u00e9sence et de pointage <strong>facilitent votre gestion RH<\/strong>. Les temps de pr\u00e9sence et de travail effectif sont automatiquement remont\u00e9s pour \u00eatre int\u00e9gr\u00e9s en toute s\u00e9curit\u00e9 \u00e0 la gestion de la facturation et de la paie. L\u2019outil \u00e9tant parfaitement fiable, efficace, et ses donn\u00e9es incontestables, vous pouvez vous fier aux <strong>solutions de Dialoca Job Control<\/strong> pour \u00e9tablir sereinement vos fiches de paie.<\/p>\n<\/div><\/section><\/div>\n\n<div class='avia-button-wrap avia-button-center '><a href='https:\/\/www.dialoca-job-control.com\/index.php\/contact\/' class='avia-button   avia-icon_select-no avia-color-custom avia-size-small avia-position-center '  style='background-color:#d00729; border-color:#d00729; color:#ffffff; ' ><span class='avia_iconbox_title' >Contactez-nous!<\/span><\/a><\/div>\n<\/div><\/div><\/div><!-- close content main div --><\/div><\/div><div id='av_section_6' class='avia-section main_color avia-section-default avia-no-border-styling avia-bg-style-scroll   container_wrap fullsize' style = 'background-color: #f9f9f9; '  ><div class='container' ><div class='template-page content  av-content-full alpha units'><div class='post-entry post-entry-type-page post-entry-47'><div class='entry-content-wrapper clearfix'>\n<div class=\"flex_column av_two_third  flex_column_div av-zero-column-padding first  \" style='border-radius:0px; '><section class=\"av_textblock_section \"  itemscope=\"itemscope\" itemtype=\"https:\/\/schema.org\/CreativeWork\" ><div class='avia_textblock  '   itemprop=\"text\" ><h2 class=\"western\"><b>Dialoca Job Control adapt\u00e9 <\/b><\/h2>\n<h2 class=\"western\"><b>\u00e0 toutes les activit\u00e9s<\/b><\/h2>\n<hr \/>\n<p class=\"western\">\u00c0 la pointe de la technologie, nos solutions de suivi des pr\u00e9sences de vos agents et de <strong>pointage g\u00e9olocalis\u00e9<\/strong> sont coupl\u00e9es \u00e0 une application sur Smartphone, <strong>totalement gratuite et s\u00e9curis\u00e9e<\/strong>. L\u2019ensemble des donn\u00e9es vous est ais\u00e9ment accessible, en quelque lieu que vous vous trouviez. Nos solutions sont donc particuli\u00e8rement adapt\u00e9es aux <strong>activit\u00e9s sur multisites, dans des lieux difficiles et h\u00e9t\u00e9rog\u00e8nes<\/strong>.<\/p>\n<\/div><\/section><\/div><div class=\"flex_column av_one_third  flex_column_div av-zero-column-padding   \" style='border-radius:0px; '><div class='avia-image-container avia_animated_image avia_animate_when_almost_visible fade-in av-styling-no-styling av-hover-grow   avia-align-center '  itemscope=\"itemscope\" itemtype=\"https:\/\/schema.org\/ImageObject\"  ><div class='avia-image-container-inner'><img class='avia_image ' src='https:\/\/www.dialoca-job-control.com\/wp-content\/uploads\/2018\/12\/Fotolia_58727084_S-300x300.jpg' alt='' title='Security guard'   itemprop=\"thumbnailUrl\"  \/><\/div><\/div><\/div>\n\n<\/div><\/div><\/div><!-- close content main div --><\/div><\/div><div id='av_section_7' class='avia-section main_color avia-section-default avia-no-shadow avia-bg-style-scroll   container_wrap fullsize'   ><div class='container' ><div class='template-page content  av-content-full alpha units'><div class='post-entry post-entry-type-page post-entry-47'><div class='entry-content-wrapper clearfix'>\n<div class=\"flex_column av_one_third  flex_column_div av-zero-column-padding first  \" style='border-radius:0px; '><div class='avia-image-container  av-styling-    avia-align- '  itemscope=\"itemscope\" itemtype=\"https:\/\/schema.org\/ImageObject\"  ><div class='avia-image-container-inner'><img class='avia_image ' src='https:\/\/www.dialoca-job-control.com\/wp-content\/uploads\/2018\/12\/Fotolia_71499923_XS-300x174.jpg' alt='' title='Communication'   itemprop=\"thumbnailUrl\"  \/><\/div><\/div><\/div><div class=\"flex_column av_two_third  flex_column_div av-zero-column-padding   \" style='border-radius:0px; '><section class=\"av_textblock_section \"  itemscope=\"itemscope\" itemtype=\"https:\/\/schema.org\/CreativeWork\" ><div class='avia_textblock  '   itemprop=\"text\" ><h2 class=\"western\"><b>Une communication <\/b><\/h2>\n<h2 class=\"western\"><b>facilit\u00e9e et renforc\u00e9e<\/b><\/h2>\n<hr \/>\n<p class=\"western\">Enfin, <strong>Dialoca Job Control<\/strong> vous permet de diffuser des informations \u00e0 vos agents \u00e0 la prise de service ou \u00e0 la fin de service. Vous pouvez ainsi transf\u00e9rer directement et rapidement des consignes, des informations relatives, \u00e0 l\u2019entreprise, \u00e0 l\u2019agence, au client, au site ou encore \u00e0 l\u2019agent, pour lui rappeler, par exemple, la date de sa prochaine visite m\u00e9dicale.<\/p>\n<p class=\"western\">En fin de service, l\u2019agent peut aussi d\u00e9cider de remonter une information relative \u00e0 l\u2019ex\u00e9cution de son travail. <strong>Dialoca Job Control se charge de l\u2019acheminement de cette information au responsable d\u2019exploitation<\/strong>.<\/p>\n<\/div><\/section><\/div>\n\n<\/div><\/div><\/div><!-- close content main div --><\/div><\/div><div id='av_section_8' class='avia-section main_color avia-section-default avia-no-border-styling avia-bg-style-scroll   container_wrap fullsize' style = 'background-color: #f9f9f9; '  ><div class='container' ><div class='template-page content  av-content-full alpha units'><div class='post-entry post-entry-type-page post-entry-47'><div class='entry-content-wrapper clearfix'>\n<div class='avia-button-wrap avia-button-center '><a href='https:\/\/www.dialoca-job-control.com\/index.php\/contact\/' class='avia-button   avia-icon_select-no avia-color-custom avia-size-small avia-position-center '  style='background-color:#d00729; border-color:#d00729; color:#ffffff; ' ><span class='avia_iconbox_title' >Contactez-nous!<\/span><\/a><\/div>\n<div class=\"flex_column av_two_third  flex_column_div av-zero-column-padding first  \" style='border-radius:0px; '><section class=\"av_textblock_section \"  itemscope=\"itemscope\" itemtype=\"https:\/\/schema.org\/CreativeWork\" ><div class='avia_textblock  '   itemprop=\"text\" ><h2 class=\"western\"><b>\u00c9v\u00e9nementiel<\/b><\/h2>\n<hr \/>\n<p class=\"western\">Nos diff\u00e9rentes <strong>pointeuses mobiles<\/strong>, qu\u2019elle soit <strong>support\u00e9e par des smartphone, par une badgeuse autonome robuste<\/strong>, ou encore int\u00e9gr\u00e9e dans un v\u00e9hicule, vous permettent de disposer d\u2019un moyen efficace pour tracer et v\u00e9rifier la pr\u00e9sence de vos agents de s\u00e9curit\u00e9 sur des manifestations ou des \u00e9v\u00e8nements sans aucune infrastructure \u00e0 votre disposition.<\/p>\n<\/div><\/section><\/div><div class=\"flex_column av_one_third  flex_column_div av-zero-column-padding   \" style='border-radius:0px; '><div class='avia-image-container avia_animated_image avia_animate_when_almost_visible fade-in av-styling-no-styling av-hover-grow   avia-align-center '  itemscope=\"itemscope\" itemtype=\"https:\/\/schema.org\/ImageObject\"  ><div class='avia-image-container-inner'><img class='avia_image ' src='https:\/\/www.dialoca-job-control.com\/wp-content\/uploads\/2019\/02\/bodyworn-794105_1920-300x200.jpg' alt='' title='bodyworn-794105_1920'   itemprop=\"thumbnailUrl\"  \/><\/div><\/div><\/div>\n","protected":false},"excerpt":{"rendered":"","protected":false},"author":1,"featured_media":0,"parent":0,"menu_order":0,"comment_status":"closed","ping_status":"closed","template":"","meta":[],"_links":{"self":[{"href":"https:\/\/www.dialoca-job-control.com\/index.php\/wp-json\/wp\/v2\/pages\/47"}],"collection":[{"href":"https:\/\/www.dialoca-job-control.com\/index.php\/wp-json\/wp\/v2\/pages"}],"about":[{"href":"https:\/\/www.dialoca-job-control.com\/index.php\/wp-json\/wp\/v2\/types\/page"}],"author":[{"embeddable":true,"href":"https:\/\/www.dialoca-job-control.com\/index.php\/wp-json\/wp\/v2\/users\/1"}],"replies":[{"embeddable":true,"href":"https:\/\/www.dialoca-job-control.com\/index.php\/wp-json\/wp\/v2\/comments?post=47"}],"version-history":[{"count":38,"href":"https:\/\/www.dialoca-job-control.com\/index.php\/wp-json\/wp\/v2\/pages\/47\/revisions"}],"predecessor-version":[{"id":323,"href":"https:\/\/www.dialoca-job-control.com\/index.php\/wp-json\/wp\/v2\/pages\/47\/revisions\/323"}],"wp:attachment":[{"href":"https:\/\/www.dialoca-job-control.com\/index.php\/wp-json\/wp\/v2\/media?parent=47"}],"curies":[{"name":"wp","href":"https:\/\/api.w.org\/{rel}","templated":true}]}}