{"id":467,"date":"2021-03-30T10:36:00","date_gmt":"2021-03-30T08:36:00","guid":{"rendered":"http:\/\/www.dialoca-job-control.com\/?page_id=467"},"modified":"2023-02-17T15:19:32","modified_gmt":"2023-02-17T14:19:32","slug":"main-courante-electronique","status":"publish","type":"page","link":"https:\/\/www.dialoca-job-control.com\/index.php\/main-courante-electronique\/","title":{"rendered":"Main courante \u00e9lectronique."},"content":{"rendered":"<\/div><\/div><\/div><!-- close content main div --><\/div><\/div><div id='av_section_1' class='avia-section main_color avia-section-default avia-no-shadow avia-bg-style-scroll   container_wrap fullsize' style = 'background-color: #121439; '  ><div class='container' ><div class='template-page content  av-content-full alpha units'><div class='post-entry post-entry-type-page post-entry-467'><div class='entry-content-wrapper clearfix'>\n<div style='padding-bottom:10px;color:#ffffff;font-size:30px;' class='av-special-heading av-special-heading-h2 custom-color-heading blockquote modern-quote modern-centered  av-inherit-size '><h2 class='av-special-heading-tag '  itemprop=\"headline\"  >Main Courante \u00e9lectronique.<\/h2><div class='special-heading-border'><div class='special-heading-inner-border' style='border-color:#ffffff'><\/div><\/div><\/div>\n\n<section class=\"av_textblock_section \"  itemscope=\"itemscope\" itemtype=\"https:\/\/schema.org\/CreativeWork\" ><div class='avia_textblock  '   itemprop=\"text\" ><p>Dialoca Job Control int\u00e8gre des fonctions de main courante \u00e9lectronique.<\/p>\n<p>Ces derni\u00e8res sont disponibles au niveau des applications DJC Pointage et DJC Badgeuse.<\/p>\n<p>Les mains courantes sont configurables par les exploitants, activables par les exploitants et les clients, et peuvent \u00eatre activ\u00e9es au d\u00e9but, \u00e0 la fin et pendant la vacation, ou encore au passage d&rsquo;un pointeau de ronde.<\/p>\n<p>Les donn\u00e9es \u00e0 collecter sont d\u00e9finies au niveau de la configuration et peuvent \u00eatre du type textuel, photo, vid\u00e9o, rapport ou encore message vocal.<\/p>\n<\/div><\/section>\n<div class=\"flex_column av_one_full  flex_column_div av-zero-column-padding first  \" style='border-radius:0px; '><div class='avia-button-wrap avia-button-right '><a href='https:\/\/www.dialoca-job-control.com\/index.php\/contact\/' class='avia-button   avia-icon_select-no avia-color-custom avia-size-small avia-position-right '  style='background-color:#d00729; border-color:#d00729; color:#ffffff; ' ><span class='avia_iconbox_title' >Contactez-nous!<\/span><\/a><\/div><\/div>\n<div class=\"flex_column av_one_half  flex_column_div av-zero-column-padding first  \" style='border-radius:0px; '><div class='avia-image-container  av-styling-no-styling    avia-align-center '  itemscope=\"itemscope\" itemtype=\"https:\/\/schema.org\/ImageObject\"  ><div class='avia-image-container-inner'><img class='avia_image ' src='https:\/\/www.dialoca-job-control.com\/wp-content\/uploads\/2021\/03\/MC_sur-prise-de-service-300x221.jpg' alt='' title='MC_sur prise de service'   itemprop=\"thumbnailUrl\"  \/><\/div><\/div><\/div>\n<div class=\"flex_column av_one_half  flex_column_div av-zero-column-padding   \" style='border-radius:0px; '><div class='avia-image-container  av-styling-    avia-align-center '  itemscope=\"itemscope\" itemtype=\"https:\/\/schema.org\/ImageObject\"  ><div class='avia-image-container-inner'><img class='avia_image ' src='https:\/\/www.dialoca-job-control.com\/wp-content\/uploads\/2021\/03\/Screenshot_20210126-174714-169x300.png' alt='' title='Screenshot_20210126-174714'   itemprop=\"thumbnailUrl\"  \/><\/div><\/div><\/div>\n<div class=\"flex_column av_one_full  flex_column_div av-zero-column-padding first  \" style='border-radius:0px; '><section class=\"av_textblock_section \"  itemscope=\"itemscope\" itemtype=\"https:\/\/schema.org\/CreativeWork\" ><div class='avia_textblock  '   itemprop=\"text\" ><p>Les rapports sont envoy\u00e9s en temps r\u00e9els aux exploitants ou aux clients.<\/p>\n<p>Ils peuvent aussi \u00eatre t\u00e9l\u00e9charg\u00e9s ult\u00e9rieurement pour archivage.<\/p>\n<\/div><\/section><\/div>\n","protected":false},"excerpt":{"rendered":"","protected":false},"author":1,"featured_media":0,"parent":0,"menu_order":0,"comment_status":"closed","ping_status":"closed","template":"","meta":[],"_links":{"self":[{"href":"https:\/\/www.dialoca-job-control.com\/index.php\/wp-json\/wp\/v2\/pages\/467"}],"collection":[{"href":"https:\/\/www.dialoca-job-control.com\/index.php\/wp-json\/wp\/v2\/pages"}],"about":[{"href":"https:\/\/www.dialoca-job-control.com\/index.php\/wp-json\/wp\/v2\/types\/page"}],"author":[{"embeddable":true,"href":"https:\/\/www.dialoca-job-control.com\/index.php\/wp-json\/wp\/v2\/users\/1"}],"replies":[{"embeddable":true,"href":"https:\/\/www.dialoca-job-control.com\/index.php\/wp-json\/wp\/v2\/comments?post=467"}],"version-history":[{"count":15,"href":"https:\/\/www.dialoca-job-control.com\/index.php\/wp-json\/wp\/v2\/pages\/467\/revisions"}],"predecessor-version":[{"id":690,"href":"https:\/\/www.dialoca-job-control.com\/index.php\/wp-json\/wp\/v2\/pages\/467\/revisions\/690"}],"wp:attachment":[{"href":"https:\/\/www.dialoca-job-control.com\/index.php\/wp-json\/wp\/v2\/media?parent=467"}],"curies":[{"name":"wp","href":"https:\/\/api.w.org\/{rel}","templated":true}]}}