{"id":361,"date":"2020-06-09T10:55:38","date_gmt":"2020-06-09T08:55:38","guid":{"rendered":"http:\/\/www.dialoca-job-control.com\/?page_id=361"},"modified":"2022-04-05T14:26:12","modified_gmt":"2022-04-05T12:26:12","slug":"gestion-de-ronde","status":"publish","type":"page","link":"https:\/\/www.dialoca-job-control.com\/index.php\/gestion-de-ronde\/","title":{"rendered":"Contr\u00f4leur de ronde."},"content":{"rendered":"<\/div><\/div><\/div><!-- close content main div --><\/div><\/div><div id='av_section_1' class='avia-section main_color avia-section-default avia-no-shadow avia-bg-style-scroll   container_wrap fullsize' style = 'background-color: #121439; '  ><div class='container' ><div class='template-page content  av-content-full alpha units'><div class='post-entry post-entry-type-page post-entry-361'><div class='entry-content-wrapper clearfix'>\n<div style='padding-bottom:10px;color:#ffffff;font-size:30px;' class='av-special-heading av-special-heading-h2 custom-color-heading blockquote modern-quote modern-centered  av-inherit-size '><h2 class='av-special-heading-tag '  itemprop=\"headline\"  >Contr\u00f4leur de ronde.<\/h2><div class='special-heading-border'><div class='special-heading-inner-border' style='border-color:#ffffff'><\/div><\/div><\/div>\n<section class=\"av_textblock_section \"  itemscope=\"itemscope\" itemtype=\"https:\/\/schema.org\/CreativeWork\" ><div class='avia_textblock  '   itemprop=\"text\" ><p>Le contr\u00f4leur de ronde est simple \u00e0 mettre en \u0153uvre. Il est d\u00e9fini et activ\u00e9 au niveau de l\u2019interface de gestion.<\/p>\n<p>Cot\u00e9 intervenant, les applications smartphone \u00ab\u00a0Badgeuse\u00a0\u00bb et \u00ab\u00a0Pointage\u00a0\u00bb permettent d\u2019effectuer les validations de chacun des pointeaux en combinant les diff\u00e9rentes technologies (G\u00e9olocalisation, NFC, QrCode, \u2026).<\/p>\n<\/div><\/section><\/p>\n<div class='avia-image-container  av-styling-    avia-align-center '  itemscope=\"itemscope\" itemtype=\"https:\/\/schema.org\/ImageObject\"  ><div class='avia-image-container-inner'><img class='avia_image ' src='https:\/\/www.dialoca-job-control.com\/wp-content\/uploads\/2020\/06\/rondes_800.jpg' alt='' title='rondes_800'   itemprop=\"thumbnailUrl\"  \/><\/div><\/div>\n<div class='avia-button-wrap avia-button-right '><a href='https:\/\/www.dialoca-job-control.com\/index.php\/contact\/' class='avia-button   avia-icon_select-no avia-color-custom avia-size-small avia-position-right '  style='background-color:#d00729; border-color:#d00729; color:#ffffff; ' ><span class='avia_iconbox_title' >Contactez-nous!<\/span><\/a><\/div>\n<section class=\"av_textblock_section \"  itemscope=\"itemscope\" itemtype=\"https:\/\/schema.org\/CreativeWork\" ><div class='avia_textblock  '   itemprop=\"text\" ><p>Les rondes sont prises en charge au niveau des application smartphone pointage et badgeuse.<\/p>\n<p>L&rsquo;intervenant d\u00e9marre la ronde en validant le premier pointeau. A chaque pointeau, l\u2019application d\u00e9livre la ou les consignes qui ont \u00e9t\u00e9 positionn\u00e9es au niveau de l\u2019interface d\u2019administration.<\/p>\n<p>La ronde est cl\u00f4tur\u00e9e par le dernier pointeau.<\/p>\n<p>A la fin de la ronde, une notification Email est envoy\u00e9e \u00e0 l&rsquo;exploitant et\/ou au client.<\/p>\n<p>Les rapports sont disponibles au niveau de l&rsquo;interface d&rsquo;exploitation.<\/p>\n<\/div><\/section>\n","protected":false},"excerpt":{"rendered":"","protected":false},"author":1,"featured_media":0,"parent":0,"menu_order":0,"comment_status":"closed","ping_status":"closed","template":"","meta":[],"_links":{"self":[{"href":"https:\/\/www.dialoca-job-control.com\/index.php\/wp-json\/wp\/v2\/pages\/361"}],"collection":[{"href":"https:\/\/www.dialoca-job-control.com\/index.php\/wp-json\/wp\/v2\/pages"}],"about":[{"href":"https:\/\/www.dialoca-job-control.com\/index.php\/wp-json\/wp\/v2\/types\/page"}],"author":[{"embeddable":true,"href":"https:\/\/www.dialoca-job-control.com\/index.php\/wp-json\/wp\/v2\/users\/1"}],"replies":[{"embeddable":true,"href":"https:\/\/www.dialoca-job-control.com\/index.php\/wp-json\/wp\/v2\/comments?post=361"}],"version-history":[{"count":11,"href":"https:\/\/www.dialoca-job-control.com\/index.php\/wp-json\/wp\/v2\/pages\/361\/revisions"}],"predecessor-version":[{"id":372,"href":"https:\/\/www.dialoca-job-control.com\/index.php\/wp-json\/wp\/v2\/pages\/361\/revisions\/372"}],"wp:attachment":[{"href":"https:\/\/www.dialoca-job-control.com\/index.php\/wp-json\/wp\/v2\/media?parent=361"}],"curies":[{"name":"wp","href":"https:\/\/api.w.org\/{rel}","templated":true}]}}