{"id":3,"date":"2018-10-17T11:01:44","date_gmt":"2018-10-17T09:01:44","guid":{"rendered":"http:\/\/www.naturaltouch.fr\/WPDJC\/?page_id=3"},"modified":"2021-12-10T17:09:46","modified_gmt":"2021-12-10T16:09:46","slug":"politique-de-confidentialite","status":"publish","type":"page","link":"https:\/\/www.dialoca-job-control.com\/index.php\/politique-de-confidentialite\/","title":{"rendered":"Politique de confidentialit\u00e9"},"content":{"rendered":"<\/div><\/div><\/div><!-- close content main div --><\/div><\/div><div id='av_section_1' class='avia-section main_color avia-section-default avia-no-shadow avia-bg-style-scroll   container_wrap fullsize' style = 'background-color: #121439; '  ><div class='container' ><div class='template-page content  av-content-full alpha units'><div class='post-entry post-entry-type-page post-entry-3'><div class='entry-content-wrapper clearfix'>\n<div style='padding-bottom:10px;color:#ffffff;' class='av-special-heading av-special-heading-h1 custom-color-heading blockquote modern-quote modern-centered  '><h1 class='av-special-heading-tag '  itemprop=\"headline\"  >Politique de confidentialit\u00e9.<\/h1><div class='special-heading-border'><div class='special-heading-inner-border' style='border-color:#ffffff'><\/div><\/div><\/div>\n<section class=\"av_textblock_section \"  itemscope=\"itemscope\" itemtype=\"https:\/\/schema.org\/CreativeWork\" ><div class='avia_textblock  '   itemprop=\"text\" ><div class=\"template-page content av-content-full alpha units\">\n<div class=\"post-entry post-entry-type-page post-entry-3755\">\n<div class=\"entry-content-wrapper clearfix\">\n<div class=\"flex_column av_one_full flex_column_div av-zero-column-padding first avia-builder-el-2 el_after_av_section avia-builder-el-no-sibling \">\n<section class=\"av_textblock_section \">\n<div class=\"avia_textblock av_inherit_color \">\n<p>Le site WEB <a href=\"https:\/\/www.naturaltouch.fr\">www.dialoca-job-control.com<\/a> \u00a0 \u00e9dit\u00e9 par la soci\u00e9t\u00e9\u00a0<a href=\"https:\/\/www.michelhenrylepaute.com\/\">NATURA<\/a>L TOUCH, immatricul\u00e9e au registre du commerce et des soci\u00e9t\u00e9s d\u2019EVRY sous le num\u00e9ro 453\u00a0186 371 \u00a0et dont le si\u00e8ge social est situ\u00e9 au 10 all\u00e9e des Champs Elys\u00e9es \u00e0 EVRY.<br \/>\nNATURAL TOUCH s\u2019engage \u00e0 prot\u00e9ger vos donn\u00e9es priv\u00e9es telles que vos nom, adresse, adresse e-mail, num\u00e9ro de t\u00e9l\u00e9phone conform\u00e9ment au r\u00e8glement europ\u00e9en #2016\/679 ou r\u00e8glement g\u00e9n\u00e9ral sur la protection des donn\u00e9es (RGPD) applicable depuis le 25 mai 2018.<\/p>\n<h1><strong>1- <\/strong><strong>Collecte de donn\u00e9es personnelles.<\/strong><\/h1>\n<p>Lorsque vous effectuez une demande de contact, nous recueillons les informations suivantes :<br \/>\n\u2013 Soci\u00e9t\u00e9<br \/>\n\u2013 Nom<br \/>\n\u2013 Pr\u00e9nom<br \/>\n\u2013 T\u00e9l\u00e9phone<br \/>\n\u2013 Email<\/p>\n<h1><strong>2- Utilisation des cookies.<\/strong><\/h1>\n<p><strong>C\u2019est quoi un cookie ?<\/strong><br \/>\nUn cookie est un fichier qui est g\u00e9n\u00e9r\u00e9 par votre navigateur et stock\u00e9 sur votre ordinateur lorsque vous naviguez sur le web. Ce fichier est au format texte. Il est donc totalement inoffensif.<br \/>\nExemples de fonctionnalit\u00e9s d\u2019un cookie :<br \/>\n\u2013 Se souvenir de vos informations de connexion<br \/>\n\u2013 Permettre de partager des pages avec des r\u00e9seaux sociaux<br \/>\n\u2013 Envoyer des annonces correspondant \u00e0 vos centres d\u2019int\u00e9r\u00eat<\/p>\n<p><strong>Quels sont les cookies utilis\u00e9s par le site dialoca-job-control.com ?<\/strong><\/p>\n<p><strong>Cookies internes au site<\/strong><br \/>\nLe site www.dialoca-job-control.com utilise le CMS Word Press. Plusieurs cookies sont utilis\u00e9s pour son bon fonctionnement<\/p>\n<p><strong>Mesure d\u2019audience statistique<\/strong><br \/>\nPour optimiser notre site WEB par rapport au comportement de ses visiteurs, nous mesurons le nombre de visites, le nombre de pages vues ainsi que l\u2019activit\u00e9 du visiteur sur le site gr\u00e2ce \u00e0 l\u2019outil de suivi statistiques Google Analytics.<\/p>\n<p>Votre adresse IP est r\u00e9colt\u00e9e pour situer la ville d\u2019o\u00f9 vous vous connectez.<br \/>\nLes donn\u00e9es personnelles recueillies ne sont pas c\u00e9d\u00e9es \u00e0 des tiers ni utilis\u00e9es \u00e0 d\u2019autres fins.<\/p>\n<h1><strong>3-Confidentialit\u00e9 des donn\u00e9es recueillies.<\/strong><\/h1>\n<p>NATURAL TOUCH reste seul propri\u00e9taire des informations collect\u00e9es. Elles ne seront, en aucun cas vendues, \u00e9chang\u00e9es, transf\u00e9r\u00e9es, ou donn\u00e9es \u00e0 une autre soci\u00e9t\u00e9 pour n\u2019importe quelle raison, sans votre consentement.<\/p>\n<h1><strong>4-Droit d\u2019opposition et de retrait.<\/strong><\/h1>\n<p>Nous nous engageons \u00e0 respecter le droit d\u2019opposition et de retrait concernant vos donn\u00e9es personnelles. Ce dernier s\u2019entend comme \u00e9tant la possibilit\u00e9 offerte aux internautes de refuser que leurs renseignements personnels soient utilis\u00e9s \u00e0 certaines fins mentionn\u00e9s lors de la collecte.<\/p>\n<p>Le droit de retrait s\u2019entend comme \u00e9tant la possibilit\u00e9 offerte aux internautes de demander \u00e0 ce que leurs renseignements personnels ne figurent plus, par exemple, dans une liste de diffusion.<\/p>\n<p>Vous pouvez exercer vos droits (oubli, rectification, opposition, \u2026) sur vos donn\u00e9es que nous traitons. Ces demandes sont \u00e0 envoyer \u00e0 l\u2019adresse suivante :<\/p>\n<p>NATURAL TOUCH<br \/>\n10 all\u00e9e des Champs Elys\u00e9es<br \/>\n91042 EVRY-COURCOURONNES<\/p>\n<p>Ou par email \u00e0\u00a0<a href=\"mailto:contact@timekeys.fr\">contact@naturaltouch.fr<\/a><\/p>\n<p>Nous nous engageons \u00e0 reconna\u00eetre un droit d\u2019acc\u00e8s et de rectification aux personnes concern\u00e9es d\u00e9sireuses de consulter, modifier ou encore radier les informations les concernant.<\/p>\n<\/div>\n<\/section>\n<\/div>\n<\/div>\n<\/div>\n<\/div>\n<\/div><\/section><\/p>\n","protected":false},"excerpt":{"rendered":"","protected":false},"author":1,"featured_media":0,"parent":0,"menu_order":0,"comment_status":"closed","ping_status":"open","template":"","meta":[],"_links":{"self":[{"href":"https:\/\/www.dialoca-job-control.com\/index.php\/wp-json\/wp\/v2\/pages\/3"}],"collection":[{"href":"https:\/\/www.dialoca-job-control.com\/index.php\/wp-json\/wp\/v2\/pages"}],"about":[{"href":"https:\/\/www.dialoca-job-control.com\/index.php\/wp-json\/wp\/v2\/types\/page"}],"author":[{"embeddable":true,"href":"https:\/\/www.dialoca-job-control.com\/index.php\/wp-json\/wp\/v2\/users\/1"}],"replies":[{"embeddable":true,"href":"https:\/\/www.dialoca-job-control.com\/index.php\/wp-json\/wp\/v2\/comments?post=3"}],"version-history":[{"count":3,"href":"https:\/\/www.dialoca-job-control.com\/index.php\/wp-json\/wp\/v2\/pages\/3\/revisions"}],"predecessor-version":[{"id":685,"href":"https:\/\/www.dialoca-job-control.com\/index.php\/wp-json\/wp\/v2\/pages\/3\/revisions\/685"}],"wp:attachment":[{"href":"https:\/\/www.dialoca-job-control.com\/index.php\/wp-json\/wp\/v2\/media?parent=3"}],"curies":[{"name":"wp","href":"https:\/\/api.w.org\/{rel}","templated":true}]}}