{"id":125,"date":"2018-12-19T11:01:40","date_gmt":"2018-12-19T10:01:40","guid":{"rendered":"http:\/\/www.naturaltouch.fr\/WPDJC\/?page_id=125"},"modified":"2022-04-05T14:29:51","modified_gmt":"2022-04-05T12:29:51","slug":"prise-de-services","status":"publish","type":"page","link":"https:\/\/www.dialoca-job-control.com\/index.php\/prise-de-services\/","title":{"rendered":"Prise de services"},"content":{"rendered":"<\/div><\/div><\/div><!-- close content main div --><\/div><\/div><div id='av_section_1' class='avia-section main_color avia-section-default avia-no-shadow avia-bg-style-scroll   container_wrap fullsize' style = 'background-color: #121439; '  ><div class='container' ><div class='template-page content  av-content-full alpha units'><div class='post-entry post-entry-type-page post-entry-125'><div class='entry-content-wrapper clearfix'>\n<div style='padding-bottom:10px;color:#ffffff;font-size:30px;' class='av-special-heading av-special-heading-h2 custom-color-heading blockquote modern-quote modern-centered  av-inherit-size '><h2 class='av-special-heading-tag '  itemprop=\"headline\"  >Prise de services<\/h2><div class='special-heading-border'><div class='special-heading-inner-border' style='border-color:#ffffff'><\/div><\/div><\/div>\n\n<div class=\"flex_column av_one_full  flex_column_div av-zero-column-padding first  \" style='border-radius:0px; '><p><section class=\"av_textblock_section \"  itemscope=\"itemscope\" itemtype=\"https:\/\/schema.org\/CreativeWork\" ><div class='avia_textblock  '   itemprop=\"text\" ><p>La gestion des prise et fin de services est automatique, simple et rapide.<\/p>\n<p>Elles peuvent \u00eatre effectu\u00e9es \u00e0 partir des outils suivants :<\/p>\n<ul>\n<li>Pointeuse t\u00e9l\u00e9phone<\/li>\n<li>Pointeuse Smartphone (g\u00e9olocalisation \/ NFC \/ QRCODE)<\/li>\n<li>PTI intelligents<\/li>\n<li>Pointeuse RFID actif\/passif<\/li>\n<li>etc&#8230;<\/li>\n<\/ul>\n<h3>Pointeuse T\u00e9l\u00e9phone.<\/h3>\n<p>En arrivant sur le site du client, l&rsquo;intervenant utilise le T\u00e9l\u00e9phone Fixe du client pour appeler notre serveur. En tant qu&rsquo;op\u00e9rateur de t\u00e9l\u00e9communication, nous identifions le num\u00e9ro appelant, m\u00eame lorsque ce dernier est masqu\u00e9, et vous garantissons ainsi de la pr\u00e9sence de votre intervenant sur le site du client.<br \/>\nIl est ensuite invit\u00e9 \u00e0 saisir son code Matricule.<br \/>\nLe serveur lui indique que sa prise de poste est effective en r\u00e9capitulant l&rsquo;heure de l&rsquo;\u00e9v\u00e8nement.<br \/>\nLorsque l&rsquo;exploitant \u00e0 positionn\u00e9 une information destin\u00e9e \u00e0 l&rsquo;intervenant (cf Communication exploitant), les informations lui sont diffus\u00e9es en vocal. La prise de poste n&rsquo;est pas valid\u00e9e tant que l&rsquo;intervenant n&rsquo;a pas \u00e9cout\u00e9 toutes les informations qui lui sont destin\u00e9es.<\/p>\n<\/div><\/section><br \/>\n<div class='avia-button-wrap avia-button-center '><a href='https:\/\/www.dialoca-job-control.com\/index.php\/contact\/' class='avia-button   avia-icon_select-no avia-color-custom avia-size-small avia-position-center '  style='background-color:#d00729; border-color:#d00729; color:#ffffff; ' ><span class='avia_iconbox_title' >Contactez-nous!<\/span><\/a><\/div><\/p><\/div><div class=\"flex_column av_one_full  flex_column_div av-zero-column-padding first  \" style='border-radius:0px; '><section class=\"av_textblock_section \"  itemscope=\"itemscope\" itemtype=\"https:\/\/schema.org\/CreativeWork\" ><div class='avia_textblock  '   itemprop=\"text\" ><h3>Pointeuse Smartphone.<\/h3>\n<p>L&rsquo;intervenant doit \u00eatre \u00e9quip\u00e9 d&rsquo;un Smartphone disposant des fonctionnalit\u00e9s de g\u00e9olocalisation par GPS et\/ou d&rsquo;un appareil photo.<br \/>\nLe pointage doit \u00eatre effectu\u00e9 avec l&rsquo;application Dialoca Job Control de pointage pr\u00e9alablement charg\u00e9e sur le Smartphone et configur\u00e9e.<\/p>\n<\/div><\/section><\/div><div class=\"flex_column av_one_half  flex_column_div av-zero-column-padding first  \" style='border-radius:0px; '><div class='avia-image-container  av-styling-    avia-align-center '  itemscope=\"itemscope\" itemtype=\"https:\/\/schema.org\/ImageObject\"  ><div class='avia-image-container-inner'><img class='avia_image ' src='https:\/\/www.dialoca-job-control.com\/wp-content\/uploads\/2021\/05\/Screenshot_20210412-172910_DJCPointage-147x300.jpg' alt='' title='Screenshot_20210412-172910_DJCPointage'   itemprop=\"thumbnailUrl\"  \/><\/div><\/div><\/div><\/p>\n<div class=\"flex_column av_one_half  flex_column_div av-zero-column-padding   \" style='border-radius:0px; '><div class='avia-image-container  av-styling-    avia-align-center '  itemscope=\"itemscope\" itemtype=\"https:\/\/schema.org\/ImageObject\"  ><div class='avia-image-container-inner'><img class='avia_image ' src='https:\/\/www.dialoca-job-control.com\/wp-content\/uploads\/2021\/05\/Screenshot_20210412-173019_DJCPointage-147x300.jpg' alt='' title='Screenshot_20210412-173019_DJCPointage'   itemprop=\"thumbnailUrl\"  \/><\/div><\/div><\/div>\n<div class=\"flex_column av_one_full  flex_column_div av-zero-column-padding first  \" style='border-radius:0px; '><p><section class=\"av_textblock_section \"  itemscope=\"itemscope\" itemtype=\"https:\/\/schema.org\/CreativeWork\" ><div class='avia_textblock  '   itemprop=\"text\" ><p>Lorsque l&rsquo;intervenant arrive sur le site, il effectue le pointage via l&rsquo;application.<br \/>\nA son lancement, cette derni\u00e8re collecte aupr\u00e8s du serveur les informations relatives \u00e0 la vacation, si programm\u00e9e.<br \/>\nLe pointage peut \u00eatre effectu\u00e9 que si l&rsquo;intervenant se trouve dans la zone correspondant \u00e0 l&rsquo;adresse du site configur\u00e9 au niveau du serveur.<\/p>\n<p>L&rsquo;application Smartphone peut aussi travailler par pointage NFC ou QRCODE.<\/p>\n<p>L&rsquo;intervenant est invit\u00e9 \u00e0 scanner le QRCODE ou le tag NFC pour valider le pointage.<\/p>\n<p>La g\u00e9olocalisation peut \u00eatre associ\u00e9e au NFC et QRCODE identifier le site et valider le pointage.<\/p>\n<\/div><\/section><br \/>\n<div class='avia-button-wrap avia-button-center '><a href='https:\/\/www.dialoca-job-control.com\/index.php\/contact\/' class='avia-button   avia-icon_select-no avia-color-custom avia-size-small avia-position-center '  style='background-color:#d00729; border-color:#d00729; color:#ffffff; ' ><span class='avia_iconbox_title' >Contactez-nous!<\/span><\/a><\/div><\/p><\/div>\n<div class=\"flex_column av_one_full  flex_column_div av-zero-column-padding first  \" style='border-radius:0px; '><section class=\"av_textblock_section \"  itemscope=\"itemscope\" itemtype=\"https:\/\/schema.org\/CreativeWork\" ><div class='avia_textblock  '   itemprop=\"text\" ><h3><\/h3>\n<h3><\/h3>\n<h3>Badgeuse RFID<\/h3>\n<p>Le pointage peut aussi \u00eatre effectu\u00e9 \u00e0 partir de badgeuse RFID. Dans ce cas, les agents passent leur Tag RFID devant le lecteur qui remonte l&rsquo;information au serveur en temps r\u00e9el.<\/p>\n<p>Pour les environnements difficiles ( Chantiers, ext\u00e9rieurs, &#8230;), Dialoca Job Control int\u00e8gre une badgeuse de chantier \u00e9quip\u00e9e de batterie.<\/p>\n<h3>Autres configurations<\/h3>\n<p>En fonction de vos besoins, notre \u00e9quipe se tient \u00e0 votre disposition pour \u00e9tudier toute solution permettant de r\u00e9pondre \u00e0 vos attentes.<\/p>\n<p>N&rsquo;h\u00e9sitez pas nous contacter pour plus d&rsquo;informations!!<\/p>\n<\/div><\/section><\/div>\n","protected":false},"excerpt":{"rendered":"","protected":false},"author":1,"featured_media":0,"parent":0,"menu_order":0,"comment_status":"closed","ping_status":"closed","template":"","meta":[],"_links":{"self":[{"href":"https:\/\/www.dialoca-job-control.com\/index.php\/wp-json\/wp\/v2\/pages\/125"}],"collection":[{"href":"https:\/\/www.dialoca-job-control.com\/index.php\/wp-json\/wp\/v2\/pages"}],"about":[{"href":"https:\/\/www.dialoca-job-control.com\/index.php\/wp-json\/wp\/v2\/types\/page"}],"author":[{"embeddable":true,"href":"https:\/\/www.dialoca-job-control.com\/index.php\/wp-json\/wp\/v2\/users\/1"}],"replies":[{"embeddable":true,"href":"https:\/\/www.dialoca-job-control.com\/index.php\/wp-json\/wp\/v2\/comments?post=125"}],"version-history":[{"count":13,"href":"https:\/\/www.dialoca-job-control.com\/index.php\/wp-json\/wp\/v2\/pages\/125\/revisions"}],"predecessor-version":[{"id":310,"href":"https:\/\/www.dialoca-job-control.com\/index.php\/wp-json\/wp\/v2\/pages\/125\/revisions\/310"}],"wp:attachment":[{"href":"https:\/\/www.dialoca-job-control.com\/index.php\/wp-json\/wp\/v2\/media?parent=125"}],"curies":[{"name":"wp","href":"https:\/\/api.w.org\/{rel}","templated":true}]}}