{"id":101,"date":"2018-12-19T10:32:57","date_gmt":"2018-12-19T09:32:57","guid":{"rendered":"http:\/\/www.naturaltouch.fr\/WPDJC\/?page_id=101"},"modified":"2019-10-23T14:44:25","modified_gmt":"2019-10-23T12:44:25","slug":"planification","status":"publish","type":"page","link":"https:\/\/www.dialoca-job-control.com\/index.php\/planification\/","title":{"rendered":"Planification"},"content":{"rendered":"<\/div><\/div><\/div><!-- close content main div --><\/div><\/div><div id='av_section_1' class='avia-section main_color avia-section-default avia-no-shadow avia-bg-style-scroll   container_wrap fullsize' style = 'background-color: #121439; '  ><div class='container' ><div class='template-page content  av-content-full alpha units'><div class='post-entry post-entry-type-page post-entry-101'><div class='entry-content-wrapper clearfix'>\n<div style='padding-bottom:10px;color:#ffffff;font-size:30px;' class='av-special-heading av-special-heading-h2 custom-color-heading blockquote modern-quote modern-centered  av-inherit-size '><h2 class='av-special-heading-tag '  itemprop=\"headline\"  >Planification<\/h2><div class='special-heading-border'><div class='special-heading-inner-border' style='border-color:#ffffff'><\/div><\/div><\/div>\n<section class=\"av_textblock_section \"  itemscope=\"itemscope\" itemtype=\"https:\/\/schema.org\/CreativeWork\" ><div class='avia_textblock  '   itemprop=\"text\" ><p>La planification peut \u00eatre effectu\u00e9e directement dans l&rsquo;environnement Dialoca Job Control, par une interface simple et intuitive.<\/p>\n<p>Les vacations peuvent aussi \u00eatre import\u00e9es automatiquement \u00e0 partir de votre outil de gestion et de planification pour une simplification maximum et une automatisation compl\u00e8te.<br \/>\nDans ce cas, Dialoca Job Control effectue la supervision du travail planifi\u00e9 et \u00e0 r\u00e9aliser par vos intervenants (prises de poste, fin de poste, pauses).<br \/>\nEn cas de retard, des anomalies sont d\u00e9clench\u00e9es et permettent d&rsquo;alerter (Email, SMS, pop-up WEB, sc\u00e9narios multiples, &#8230;) les personnes en charge de l&rsquo;exploitation.<\/p>\n<p>Les donn\u00e9es ainsi collect\u00e9es correspondent pr\u00e9cis\u00e9ment au travail effectu\u00e9 et sont report\u00e9es (horaires, anomalies, retards) au syst\u00e8me de gestion pour traitement.<\/p>\n<p>N&rsquo;h\u00e9sitez pas nous contacter pour plus d&rsquo;informations!!<\/p>\n<\/div><\/section><\/p>\n","protected":false},"excerpt":{"rendered":"","protected":false},"author":1,"featured_media":0,"parent":0,"menu_order":0,"comment_status":"closed","ping_status":"closed","template":"","meta":[],"_links":{"self":[{"href":"https:\/\/www.dialoca-job-control.com\/index.php\/wp-json\/wp\/v2\/pages\/101"}],"collection":[{"href":"https:\/\/www.dialoca-job-control.com\/index.php\/wp-json\/wp\/v2\/pages"}],"about":[{"href":"https:\/\/www.dialoca-job-control.com\/index.php\/wp-json\/wp\/v2\/types\/page"}],"author":[{"embeddable":true,"href":"https:\/\/www.dialoca-job-control.com\/index.php\/wp-json\/wp\/v2\/users\/1"}],"replies":[{"embeddable":true,"href":"https:\/\/www.dialoca-job-control.com\/index.php\/wp-json\/wp\/v2\/comments?post=101"}],"version-history":[{"count":7,"href":"https:\/\/www.dialoca-job-control.com\/index.php\/wp-json\/wp\/v2\/pages\/101\/revisions"}],"predecessor-version":[{"id":326,"href":"https:\/\/www.dialoca-job-control.com\/index.php\/wp-json\/wp\/v2\/pages\/101\/revisions\/326"}],"wp:attachment":[{"href":"https:\/\/www.dialoca-job-control.com\/index.php\/wp-json\/wp\/v2\/media?parent=101"}],"curies":[{"name":"wp","href":"https:\/\/api.w.org\/{rel}","templated":true}]}}